{"id":2979,"date":"2025-11-17T10:17:59","date_gmt":"2025-11-17T09:17:59","guid":{"rendered":"https:\/\/coffee-lab.cz\/?post_type=product&#038;p=2979"},"modified":"2025-12-04T12:06:20","modified_gmt":"2025-12-04T11:06:20","slug":"peru-chontali","status":"publish","type":"product","link":"https:\/\/coffee-lab.cz\/en\/produkt\/peru-chontali\/","title":{"rendered":"PERU Chontali"},"content":{"rendered":"<div class=\"wpb-content-wrapper\"><p>[vc_row el_class=&#8221;m-b-md&#8221;][vc_column][vc_column_text css=&#8221;&#8221; css_params=&#8221;&#8221;]<\/p>\n<p class=\"p1\"><span style=\"font-size: 26px;\">\u010cist\u00e1 a&nbsp;sladk\u00e1 peru\u00e1nsk\u00e1 k\u00e1va z&nbsp;oblasti Chontali. Jemn\u00e1 ovocnost, kakao, o\u0159\u00ed\u0161ky a&nbsp;hladk\u00e1, vyv\u00e1\u017een\u00e1 dochu\u0165.<\/span><\/p>\n<p class=\"p1\">Tato k\u00e1va poch\u00e1z\u00ed z&nbsp;oblasti <span class=\"s1\"><b>Chontali<\/b><\/span> v&nbsp;severn\u00edm Peru, kde drobn\u00ed farm\u00e1\u0159i p\u011bstuj\u00ed k\u00e1vu ve v\u00fd\u0161k\u00e1ch okolo 1&nbsp;700\u20131&nbsp;900&nbsp;m n. m. Region je zn\u00e1m\u00fd svou stabiln\u00ed kvalitou a&nbsp;\u010dist\u00fdm chu\u0165ov\u00fdm projevem. Mal\u00e9 farmy se zam\u011b\u0159uj\u00ed na ru\u010dn\u00ed sklize\u0148 a&nbsp;pe\u010dliv\u00e9 zpracov\u00e1n\u00ed, d\u00edky \u010demu\u017e k\u00e1va nab\u00edz\u00ed v\u00fdjime\u010dn\u011b vyv\u00e1\u017een\u00fd profil.<\/p>\n<p class=\"p1\">Peru Chontali je typick\u00e1 svou jemnou strukturou, p\u0159irozenou sladkost\u00ed a&nbsp;n\u00edzkou, p\u0159\u00edjemn\u011b zakulacenou aciditou. V&nbsp;chuti najde\u0161 kombinaci <span class=\"s1\"><b>kakaa, mandl\u00ed, karamelu a&nbsp;lehk\u00e9ho \u010derven\u00e9ho ovoce<\/b><\/span>, kter\u00e1 vytv\u00e1\u0159\u00ed hladk\u00fd a&nbsp;harmonick\u00fd \u0161\u00e1lek bez tvrdosti nebo v\u00fdrazn\u00fdch kontrast\u016f.<\/p>\n<p class=\"p1\">K\u00e1va je d\u00edky sv\u00e9 vyrovnanosti velmi univerz\u00e1ln\u00ed \u2014 kr\u00e1sn\u011b funguje na filtru, ale dok\u00e1\u017ee nab\u00eddnout i&nbsp;jemn\u00e9, sladk\u00e9 espresso. Je ide\u00e1ln\u00ed pro ka\u017edodenn\u00ed pit\u00ed a&nbsp;pro ty, kte\u0159\u00ed hledaj\u00ed \u010dist\u00fd a&nbsp;p\u0159\u00edjemn\u00fd profil bez extr\u00e9mn\u00edch ovocn\u00fdch t\u00f3n\u016f.<\/p>\n<p class=\"p3\"><b>Chu\u0165ov\u00fd profil:<\/b><b><\/b><\/p>\n<p class=\"p1\">kakao, mandle, karamel, lehk\u00e1 ovocnost, n\u00edzk\u00e1 acidita<\/p>\n<p class=\"p3\"><b>P\u016fvod:<\/b><b><\/b><\/p>\n<p class=\"p1\">Chontali, Cajamarca, Peru<\/p>\n<p class=\"p1\">1&nbsp;700\u20131&nbsp;900&nbsp;m n. m.<\/p>\n<p class=\"p3\"><b>Zpracov\u00e1n\u00ed:<\/b><b><\/b><\/p>\n<p class=\"p1\">Washed (promyt\u00e9)<\/p>\n<p>[\/vc_column_text][\/vc_column][\/vc_row]<\/p>\n<\/div>","protected":false},"excerpt":{"rendered":"<p class=\"p1\">Peru Chontali nab\u00edz\u00ed vyrovnan\u00fd a&nbsp;jemn\u011b sladk\u00fd profil s&nbsp;t\u00f3ny kakaa, o\u0159\u00ed\u0161k\u016f a&nbsp;lehk\u00e9 ovocnosti. Poch\u00e1z\u00ed z&nbsp;drobn\u00fdch farm\u00e1\u0159sk\u00fdch komunit v&nbsp;nadmo\u0159sk\u00fdch v\u00fd\u0161k\u00e1ch kolem 1&nbsp;700\u20131&nbsp;900&nbsp;m n. m. \u010cist\u00fd, univerz\u00e1ln\u00ed \u0161\u00e1lek vhodn\u00fd na filtr i&nbsp;jemn\u011bj\u0161\u00ed espresso.<\/p>\n","protected":false},"featured_media":3006,"template":"","meta":[],"product_brand":[],"product_cat":[107],"product_tag":[],"class_list":{"0":"post-2979","1":"product","2":"type-product","3":"status-publish","4":"has-post-thumbnail","6":"product_cat-jednodruhove-kavy","7":"pa_hmotnost-1-000-g","8":"pa_hmotnost-300-g","10":"first","11":"instock","12":"featured","13":"taxable","14":"shipping-taxable","15":"purchasable","16":"product-type-variable"},"aioseo_notices":[],"_links":{"self":[{"href":"https:\/\/coffee-lab.cz\/en\/wp-json\/wp\/v2\/product\/2979","targetHints":{"allow":["GET"]}}],"collection":[{"href":"https:\/\/coffee-lab.cz\/en\/wp-json\/wp\/v2\/product"}],"about":[{"href":"https:\/\/coffee-lab.cz\/en\/wp-json\/wp\/v2\/types\/product"}],"wp:featuredmedia":[{"embeddable":true,"href":"https:\/\/coffee-lab.cz\/en\/wp-json\/wp\/v2\/media\/3006"}],"wp:attachment":[{"href":"https:\/\/coffee-lab.cz\/en\/wp-json\/wp\/v2\/media?parent=2979"}],"wp:term":[{"taxonomy":"product_brand","embeddable":true,"href":"https:\/\/coffee-lab.cz\/en\/wp-json\/wp\/v2\/product_brand?post=2979"},{"taxonomy":"product_cat","embeddable":true,"href":"https:\/\/coffee-lab.cz\/en\/wp-json\/wp\/v2\/product_cat?post=2979"},{"taxonomy":"product_tag","embeddable":true,"href":"https:\/\/coffee-lab.cz\/en\/wp-json\/wp\/v2\/product_tag?post=2979"}],"curies":[{"name":"wp","href":"https:\/\/api.w.org\/{rel}","templated":true}]}}